{"id":6510,"date":"2026-04-01T01:14:36","date_gmt":"2026-03-31T23:14:36","guid":{"rendered":"https:\/\/ortho-achim.de\/?page_id=6510"},"modified":"2026-04-01T01:19:18","modified_gmt":"2026-03-31T23:19:18","slug":"impressum","status":"publish","type":"page","link":"https:\/\/ortho-achim.de\/?page_id=6510","title":{"rendered":"Impressum"},"content":{"rendered":"\t\t<div data-elementor-type=\"wp-page\" data-elementor-id=\"6510\" class=\"elementor elementor-6510\">\n\t\t\t\t<div class=\"elementor-element elementor-element-4f4b9fd e-flex e-con-boxed pxl-column-none pxl-row-scroll-none pxl-zoom-point-false pxl-section-overflow-visible pxl-section-fix-none pxl-full-content-with-space-none pxl-bg-color-none pxl-section-overlay-none e-con e-parent \" data-id=\"4f4b9fd\" data-element_type=\"container\" data-e-type=\"container\">\t\t\t<div class=\"e-con-inner\">\r\n\t\t\t\t<div class=\"elementor-element elementor-element-55477d5 elementor-widget elementor-widget-text-editor\" data-id=\"55477d5\" data-element_type=\"widget\" data-e-type=\"widget\" data-widget_type=\"text-editor.default\">\n\t\t\t\t\t\t\t\t\t<p class=\"p1\">Orthop\u00e4dische Praxis Samir Drira<br \/>Facharzt f\u00fcr Orthop\u00e4die<br \/>Zum Achimer Bahnhof 27<br \/>28832 Achim<\/p><p>Telefon: 0 4202 4848<br \/>Telefax: 0 4202 4899<\/p><p class=\"p1\">Internet: www.ortho-achim.de<\/p><p class=\"p1\">E-Mail: praxis@ortho-achim.de<\/p><p class=\"p1\">Zust\u00e4ndige Aufsichtsbeh\u00f6rde:<br \/>Kassen\u00e4rztliche Vereinigung Niedersachsen,<br \/>Berliner Allee 22, 30175 Hannover<\/p><p class=\"p1\">Zust\u00e4ndige Kammer:<br \/>\u00c4rztekammer Niedersachsen,<br \/>Berliner Allee 20, 30175 Hannover<\/p><p class=\"p1\">Berufsbezeichnung:<br \/>\u00c4rzte mit Approbation in der Bundesrepublik Deutschland<\/p><p class=\"p1\">Berufsrechtliche Regelung:<br \/>Berufsordnung der \u00c4rztekammer Niedersachsen.<\/p><p class=\"p1\">Inhaltlich Verantwortlicher gem\u00e4\u00df \u00a710 Absatz 3 MDStV:<\/p><p class=\"p1\">Samir Drira<br \/>Zum Achimer Bahnhof 27<br \/>28832 Achim<\/p><p class=\"p1\">Rechtliche Hinweise &amp; Informationsauftrag<\/p><p class=\"p1\">Wir legen gro\u00dfen Wert auf die Qualit\u00e4t der bereitgestellten Informationen. Bitte beachten Sie jedoch: F\u00fcr die Inhalte externer Webseiten, auf die wir verweisen, sind ausschlie\u00dflich deren Betreiber verantwortlich; eine Haftung unsererseits ist ausgeschlossen.<\/p><p class=\"p1\">Diese Website dient dazu, Sie umfassend und objektiv \u00fcber unsere Praxisstruktur sowie \u00fcber verschiedene orthop\u00e4dische Krankheitsbilder und entsprechende Therapieoptionen aufzukl\u00e4ren.<\/p>\t\t\t\t\t\t\t\t<\/div>\n\t\t\t\t\t<\/div>\r\n\t\t\t\t<\/div>\r\n\t\t\t\t<\/div>\n\t\t","protected":false},"excerpt":{"rendered":"<p>Orthop\u00e4dische Praxis Samir DriraFacharzt f\u00fcr Orthop\u00e4dieZum Achimer Bahnhof 2728832 Achim Telefon: 0 4202 4848Telefax: 0 4202 4899 Internet: www.ortho-achim.de E-Mail: praxis@ortho-achim.de Zust\u00e4ndige Aufsichtsbeh\u00f6rde:Kassen\u00e4rztliche Vereinigung Niedersachsen,Berliner Allee 22, 30175 Hannover Zust\u00e4ndige Kammer:\u00c4rztekammer Niedersachsen,Berliner Allee 20, 30175 Hannover Berufsbezeichnung:\u00c4rzte mit Approbation in der Bundesrepublik Deutschland Berufsrechtliche Regelung:Berufsordnung der \u00c4rztekammer Niedersachsen. Inhaltlich Verantwortlicher gem\u00e4\u00df \u00a710 Absatz 3 MDStV: [&hellip;]<\/p>\n","protected":false},"author":1,"featured_media":0,"parent":0,"menu_order":0,"comment_status":"closed","ping_status":"closed","template":"","meta":{"footnotes":""},"class_list":["post-6510","page","type-page","status-publish","hentry"],"_links":{"self":[{"href":"https:\/\/ortho-achim.de\/index.php?rest_route=\/wp\/v2\/pages\/6510","targetHints":{"allow":["GET"]}}],"collection":[{"href":"https:\/\/ortho-achim.de\/index.php?rest_route=\/wp\/v2\/pages"}],"about":[{"href":"https:\/\/ortho-achim.de\/index.php?rest_route=\/wp\/v2\/types\/page"}],"author":[{"embeddable":true,"href":"https:\/\/ortho-achim.de\/index.php?rest_route=\/wp\/v2\/users\/1"}],"replies":[{"embeddable":true,"href":"https:\/\/ortho-achim.de\/index.php?rest_route=%2Fwp%2Fv2%2Fcomments&post=6510"}],"version-history":[{"count":19,"href":"https:\/\/ortho-achim.de\/index.php?rest_route=\/wp\/v2\/pages\/6510\/revisions"}],"predecessor-version":[{"id":6530,"href":"https:\/\/ortho-achim.de\/index.php?rest_route=\/wp\/v2\/pages\/6510\/revisions\/6530"}],"wp:attachment":[{"href":"https:\/\/ortho-achim.de\/index.php?rest_route=%2Fwp%2Fv2%2Fmedia&parent=6510"}],"curies":[{"name":"wp","href":"https:\/\/api.w.org\/{rel}","templated":true}]}}