{"id":3847,"date":"2025-09-11T07:58:14","date_gmt":"2025-09-11T07:58:14","guid":{"rendered":"https:\/\/maxcare.casethemes.net\/?page_id=3847"},"modified":"2026-04-04T23:25:48","modified_gmt":"2026-04-04T21:25:48","slug":"leistungen","status":"publish","type":"page","link":"https:\/\/ortho-achim.de\/?page_id=3847","title":{"rendered":"Leistungen"},"content":{"rendered":"\t\t<div data-elementor-type=\"wp-page\" data-elementor-id=\"3847\" class=\"elementor elementor-3847\">\n\t\t\t\t<div class=\"elementor-element elementor-element-9656c29 e-con-full e-flex pxl-column-none pxl-row-scroll-none pxl-zoom-point-false pxl-section-overflow-visible pxl-section-fix-none pxl-full-content-with-space-none pxl-bg-color-none pxl-section-overlay-none e-con e-parent \" data-id=\"9656c29\" data-element_type=\"container\" data-e-type=\"container\" data-settings=\"{&quot;background_background&quot;:&quot;classic&quot;}\"><div class=\"elementor-element elementor-element-7ab42f4 e-flex e-con-boxed pxl-column-none pxl-row-scroll-none pxl-zoom-point-false pxl-section-overflow-visible pxl-section-fix-none pxl-full-content-with-space-none pxl-bg-color-none pxl-section-overlay-none e-con e-child \" data-id=\"7ab42f4\" data-element_type=\"container\" data-e-type=\"container\">\t\t\t<div class=\"e-con-inner\">\r\n\t\t<div class=\"elementor-element elementor-element-b136317 e-con-full e-flex pxl-column-none pxl-row-scroll-none pxl-zoom-point-false pxl-section-overflow-visible pxl-section-fix-none pxl-full-content-with-space-none pxl-bg-color-none pxl-section-overlay-none e-con e-child \" data-id=\"b136317\" data-element_type=\"container\" data-e-type=\"container\" data-settings=\"{&quot;background_background&quot;:&quot;classic&quot;}\">\t\t<div class=\"elementor-element elementor-element-eda5cc7 elementor-widget elementor-widget-pxl_heading\" data-id=\"eda5cc7\" data-element_type=\"widget\" data-e-type=\"widget\" data-widget_type=\"pxl_heading.default\">\n\t\t\t\t<div class=\"elementor-widget-container\">\n\t\t\t\t\t\n<div id=\"pxl-pxl_heading-eda5cc7-1006\" class=\"pxl-heading px-sub-title-icon-style \">\n\t<div class=\"pxl-heading--inner\">\n\t\t<div class=\"pxl-heading-content\">\n\t\t\t\n\t\t\t<h4 class=\"pxl-item--title clip style-default highlight-default pxl-split-text split-in-fade\" data-wow-delay=\"ms\">\n\t\t\t\t\n\t\t\t\t\n\t\t\t\t\t\t\t\t\tWir bieten Ihnen ein breites Spektrum an diagnostischen und therapeutischen M\u00f6glichkeiten:\t\n\t\t\t\t\t\n\t\t\t<\/h4>\n\t\t<\/div>\n\t<\/div>\n<\/div>\t\t\t\t<\/div>\n\t\t\t\t<\/div>\n\t\t<div class=\"elementor-element elementor-element-83dedaf e-flex e-con-boxed pxl-column-none pxl-row-scroll-none pxl-zoom-point-false pxl-section-overflow-visible pxl-section-fix-none pxl-full-content-with-space-none pxl-bg-color-none pxl-section-overlay-none e-con e-child \" data-id=\"83dedaf\" data-element_type=\"container\" data-e-type=\"container\">\t\t\t<div class=\"e-con-inner\">\r\n\t\t\t\t<div class=\"elementor-element elementor-element-519585f pxl-post-layout-service-1 elementor-widget elementor-widget-pxl_post_grid\" data-id=\"519585f\" data-element_type=\"widget\" data-e-type=\"widget\" data-widget_type=\"pxl_post_grid.default\">\n\t\t\t\t<div class=\"elementor-widget-container\">\n\t\t\t\t\t\n<div id=\"pxl_post_grid-519585f-1938\" class=\"pxl-grid pxl-service-grid pxl-service-grid-layout1\" data-layout=\"masonry\" data-start-page=\"1\" data-max-pages=\"1\" data-total=\"8\" data-perpage=\"8\" data-next-link=\"\">\n    \n    <div class=\"pxl-grid-bg\">\n        <div class=\"pxl-grid-inner pxl-grid-masonry row\" data-gutter=\"15\">\n            <div class=\"grid-sizer col-xl-4 col-lg-6 col-md-6 col-sm-6 col-12\"><\/div>\n                        <div class=\"pxl-grid-item col-xl-4 col-lg-6 col-md-6 col-sm-6 col-12 leistungen\">\n                <div class=\"pxl-item--inner pxl-not-active \" data-wow-duration=\"1.2s\">\n                                            <div class=\"pxl-service--featured \">\n                            <a class=\"pxl-img-link hover-imge-effect3\" href=\"https:\/\/ortho-achim.de\/?service=digitale_roentgen\">\n                                <img fetchpriority=\"high\" decoding=\"async\" class=\"\" src=\"https:\/\/ortho-achim.de\/wp-content\/uploads\/2025\/08\/roentgenbild_beitragsbild_ortho_achim_01-980x621.jpg\" width=\"980\" height=\"621\" alt=\"roentgenbild_beitragsbild_ortho_achim_01\" title=\"roentgenbild_beitragsbild_ortho_achim_01\" \/>                            <\/a>\n                        <\/div>\n                                        <div class=\"pxl-inner-content\">\n                        <div class=\"pxl-item--holder\">\n                            <h6 class=\"pxl-item--title title-hover-line\">\n                                <a href=\"https:\/\/ortho-achim.de\/?service=digitale_roentgen\">Digitales R\u00f6ntgen<\/a>\n                            <\/h6>\n                                                            <div class=\"pxl-item--content\">\n                                    Mit der digitalen R\u00f6ntgendiagnostik k\u00f6nnen Knochen und Gelenke schnell und pr\u00e4zise untersucht werden.                                <\/div>\n                                                    <\/div>\n                                                    <div class=\"pxl-sevice--btn\">\n                                <a class=\"pxl-item-btn\" href=\"https:\/\/ortho-achim.de\/?service=digitale_roentgen\">\n                                    <span class=\"pxl-btn-title pxl--btn-text\">Mehr erfahren<\/span>\n                                    <span class=\"pxl-icon-button\">\n                                        <svg width=\"41\" height=\"41\" viewBox=\"0 0 41 41\" fill=\"none\" xmlns=\"http:\/\/www.w3.org\/2000\/svg\">\n                                          <path d=\"M12.2766 20.6899H28.1099\" stroke=\"#03045E\" stroke-width=\"1.5\"\/>\n                                          <path d=\"M23.1099 14.8564L28.9432 20.6898L23.1099 26.5231\" stroke=\"#03045E\" stroke-width=\"1.5\" stroke-linejoin=\"round\"\/>\n                                        <\/svg>\n                                    <\/span>\n                                <\/a>\n                            <\/div>\n                                            <\/div>\n                <\/div>\n            <\/div>\n                    <div class=\"pxl-grid-item col-xl-4 col-lg-6 col-md-6 col-sm-6 col-12 leistungen\">\n                <div class=\"pxl-item--inner pxl-not-active \" data-wow-duration=\"1.2s\">\n                                            <div class=\"pxl-service--featured \">\n                            <a class=\"pxl-img-link hover-imge-effect3\" href=\"https:\/\/ortho-achim.de\/?service=akupunktur\">\n                                <img decoding=\"async\" class=\"\" src=\"https:\/\/ortho-achim.de\/wp-content\/uploads\/2025\/08\/akupunktur_beitragsbild_v01-980x621.jpg\" width=\"980\" height=\"621\" alt=\"akupunktur_beitragsbild_v01\" title=\"akupunktur_beitragsbild_v01\" \/>                            <\/a>\n                        <\/div>\n                                        <div class=\"pxl-inner-content\">\n                        <div class=\"pxl-item--holder\">\n                            <h6 class=\"pxl-item--title title-hover-line\">\n                                <a href=\"https:\/\/ortho-achim.de\/?service=akupunktur\">Akupunktur<\/a>\n                            <\/h6>\n                                                            <div class=\"pxl-item--content\">\n                                    Die Akupunktur ist eine bew\u00e4hrte Behandlungsmethode zur Linderung von Schmerzen und funktionellen Beschwerden.                                <\/div>\n                                                    <\/div>\n                                                    <div class=\"pxl-sevice--btn\">\n                                <a class=\"pxl-item-btn\" href=\"https:\/\/ortho-achim.de\/?service=akupunktur\">\n                                    <span class=\"pxl-btn-title pxl--btn-text\">Mehr erfahren<\/span>\n                                    <span class=\"pxl-icon-button\">\n                                        <svg width=\"41\" height=\"41\" viewBox=\"0 0 41 41\" fill=\"none\" xmlns=\"http:\/\/www.w3.org\/2000\/svg\">\n                                          <path d=\"M12.2766 20.6899H28.1099\" stroke=\"#03045E\" stroke-width=\"1.5\"\/>\n                                          <path d=\"M23.1099 14.8564L28.9432 20.6898L23.1099 26.5231\" stroke=\"#03045E\" stroke-width=\"1.5\" stroke-linejoin=\"round\"\/>\n                                        <\/svg>\n                                    <\/span>\n                                <\/a>\n                            <\/div>\n                                            <\/div>\n                <\/div>\n            <\/div>\n                    <div class=\"pxl-grid-item col-xl-4 col-lg-6 col-md-6 col-sm-6 col-12 leistungen\">\n                <div class=\"pxl-item--inner pxl-not-active \" data-wow-duration=\"1.2s\">\n                                            <div class=\"pxl-service--featured \">\n                            <a class=\"pxl-img-link hover-imge-effect3\" href=\"https:\/\/ortho-achim.de\/?service=stosswellentherapie\">\n                                <img decoding=\"async\" class=\"\" src=\"https:\/\/ortho-achim.de\/wp-content\/uploads\/2025\/08\/beitragsbild_stosswellentherapie_01-980x621.jpg\" width=\"980\" height=\"621\" alt=\"beitragsbild_stosswellentherapie_01\" title=\"beitragsbild_stosswellentherapie_01\" \/>                            <\/a>\n                        <\/div>\n                                        <div class=\"pxl-inner-content\">\n                        <div class=\"pxl-item--holder\">\n                            <h6 class=\"pxl-item--title title-hover-line\">\n                                <a href=\"https:\/\/ortho-achim.de\/?service=stosswellentherapie\">Stosswellentherapie<\/a>\n                            <\/h6>\n                                                            <div class=\"pxl-item--content\">\n                                    Die Sto\u00dfwellentherapie ist ein modernes Verfahren zur Behandlung von Sehnen- und Muskelbeschwerden.                                <\/div>\n                                                    <\/div>\n                                                    <div class=\"pxl-sevice--btn\">\n                                <a class=\"pxl-item-btn\" href=\"https:\/\/ortho-achim.de\/?service=stosswellentherapie\">\n                                    <span class=\"pxl-btn-title pxl--btn-text\">Mehr erfahren<\/span>\n                                    <span class=\"pxl-icon-button\">\n                                        <svg width=\"41\" height=\"41\" viewBox=\"0 0 41 41\" fill=\"none\" xmlns=\"http:\/\/www.w3.org\/2000\/svg\">\n                                          <path d=\"M12.2766 20.6899H28.1099\" stroke=\"#03045E\" stroke-width=\"1.5\"\/>\n                                          <path d=\"M23.1099 14.8564L28.9432 20.6898L23.1099 26.5231\" stroke=\"#03045E\" stroke-width=\"1.5\" stroke-linejoin=\"round\"\/>\n                                        <\/svg>\n                                    <\/span>\n                                <\/a>\n                            <\/div>\n                                            <\/div>\n                <\/div>\n            <\/div>\n                    <div class=\"pxl-grid-item col-xl-4 col-lg-6 col-md-6 col-sm-6 col-12 leistungen\">\n                <div class=\"pxl-item--inner pxl-not-active \" data-wow-duration=\"1.2s\">\n                                            <div class=\"pxl-service--featured \">\n                            <a class=\"pxl-img-link hover-imge-effect3\" href=\"https:\/\/ortho-achim.de\/?service=injektionstherapie\">\n                                <img loading=\"lazy\" decoding=\"async\" class=\"\" src=\"https:\/\/ortho-achim.de\/wp-content\/uploads\/2025\/08\/beitragsbild_injektionstherapie_ortho_achim_01-980x621.jpg\" width=\"980\" height=\"621\" alt=\"beitragsbild_injektionstherapie_ortho_achim_01\" title=\"beitragsbild_injektionstherapie_ortho_achim_01\" \/>                            <\/a>\n                        <\/div>\n                                        <div class=\"pxl-inner-content\">\n                        <div class=\"pxl-item--holder\">\n                            <h6 class=\"pxl-item--title title-hover-line\">\n                                <a href=\"https:\/\/ortho-achim.de\/?service=injektionstherapie\">Injektionstherapie<\/a>\n                            <\/h6>\n                                                            <div class=\"pxl-item--content\">\n                                    Die Injektionstherapie erm\u00f6glicht eine gezielte Behandlung von Schmerzen direkt am betroffenen Gelenk oder Muskel.                                <\/div>\n                                                    <\/div>\n                                                    <div class=\"pxl-sevice--btn\">\n                                <a class=\"pxl-item-btn\" href=\"https:\/\/ortho-achim.de\/?service=injektionstherapie\">\n                                    <span class=\"pxl-btn-title pxl--btn-text\">Mehr erfahren<\/span>\n                                    <span class=\"pxl-icon-button\">\n                                        <svg width=\"41\" height=\"41\" viewBox=\"0 0 41 41\" fill=\"none\" xmlns=\"http:\/\/www.w3.org\/2000\/svg\">\n                                          <path d=\"M12.2766 20.6899H28.1099\" stroke=\"#03045E\" stroke-width=\"1.5\"\/>\n                                          <path d=\"M23.1099 14.8564L28.9432 20.6898L23.1099 26.5231\" stroke=\"#03045E\" stroke-width=\"1.5\" stroke-linejoin=\"round\"\/>\n                                        <\/svg>\n                                    <\/span>\n                                <\/a>\n                            <\/div>\n                                            <\/div>\n                <\/div>\n            <\/div>\n                    <div class=\"pxl-grid-item col-xl-4 col-lg-6 col-md-6 col-sm-6 col-12 leistungen\">\n                <div class=\"pxl-item--inner pxl-not-active \" data-wow-duration=\"1.2s\">\n                                            <div class=\"pxl-service--featured \">\n                            <a class=\"pxl-img-link hover-imge-effect3\" href=\"https:\/\/ortho-achim.de\/?service=pulsierende_magnettherapie\">\n                                <img loading=\"lazy\" decoding=\"async\" class=\"\" src=\"https:\/\/ortho-achim.de\/wp-content\/uploads\/2025\/08\/unterseite_pulsierende_magnettherapie_ortho_achim_01-1000x621.jpg\" width=\"1000\" height=\"621\" alt=\"unterseite_pulsierende_magnettherapie_ortho_achim_01\" title=\"unterseite_pulsierende_magnettherapie_ortho_achim_01\" \/>                            <\/a>\n                        <\/div>\n                                        <div class=\"pxl-inner-content\">\n                        <div class=\"pxl-item--holder\">\n                            <h6 class=\"pxl-item--title title-hover-line\">\n                                <a href=\"https:\/\/ortho-achim.de\/?service=pulsierende_magnettherapie\">Magnetfeldtherapie<\/a>\n                            <\/h6>\n                                                            <div class=\"pxl-item--content\">\n                                    Die Magnetfeldtherapie unterst\u00fctzt die Heilung von Knochen, Gelenken und Muskeln durch elektromagnetische Impulse.                                <\/div>\n                                                    <\/div>\n                                                    <div class=\"pxl-sevice--btn\">\n                                <a class=\"pxl-item-btn\" href=\"https:\/\/ortho-achim.de\/?service=pulsierende_magnettherapie\">\n                                    <span class=\"pxl-btn-title pxl--btn-text\">Mehr erfahren<\/span>\n                                    <span class=\"pxl-icon-button\">\n                                        <svg width=\"41\" height=\"41\" viewBox=\"0 0 41 41\" fill=\"none\" xmlns=\"http:\/\/www.w3.org\/2000\/svg\">\n                                          <path d=\"M12.2766 20.6899H28.1099\" stroke=\"#03045E\" stroke-width=\"1.5\"\/>\n                                          <path d=\"M23.1099 14.8564L28.9432 20.6898L23.1099 26.5231\" stroke=\"#03045E\" stroke-width=\"1.5\" stroke-linejoin=\"round\"\/>\n                                        <\/svg>\n                                    <\/span>\n                                <\/a>\n                            <\/div>\n                                            <\/div>\n                <\/div>\n            <\/div>\n                    <div class=\"pxl-grid-item col-xl-4 col-lg-6 col-md-6 col-sm-6 col-12 leistungen\">\n                <div class=\"pxl-item--inner pxl-not-active \" data-wow-duration=\"1.2s\">\n                                            <div class=\"pxl-service--featured \">\n                            <a class=\"pxl-img-link hover-imge-effect3\" href=\"https:\/\/ortho-achim.de\/?service=knochendichtmessung\">\n                                <img loading=\"lazy\" decoding=\"async\" class=\"\" src=\"https:\/\/ortho-achim.de\/wp-content\/uploads\/2025\/08\/beitragsbild_knochendichtmessung_ortho_achim_01-980x621.jpg\" width=\"980\" height=\"621\" alt=\"beitragsbild_knochendichtmessung_ortho_achim_01\" title=\"beitragsbild_knochendichtmessung_ortho_achim_01\" \/>                            <\/a>\n                        <\/div>\n                                        <div class=\"pxl-inner-content\">\n                        <div class=\"pxl-item--holder\">\n                            <h6 class=\"pxl-item--title title-hover-line\">\n                                <a href=\"https:\/\/ortho-achim.de\/?service=knochendichtmessung\">Knochendichtemessung<\/a>\n                            <\/h6>\n                                                            <div class=\"pxl-item--content\">\n                                    Die Knochendichtemessung dient zur fr\u00fchzeitigen Erkennung von Osteoporose.                                <\/div>\n                                                    <\/div>\n                                                    <div class=\"pxl-sevice--btn\">\n                                <a class=\"pxl-item-btn\" href=\"https:\/\/ortho-achim.de\/?service=knochendichtmessung\">\n                                    <span class=\"pxl-btn-title pxl--btn-text\">Mehr erfahren<\/span>\n                                    <span class=\"pxl-icon-button\">\n                                        <svg width=\"41\" height=\"41\" viewBox=\"0 0 41 41\" fill=\"none\" xmlns=\"http:\/\/www.w3.org\/2000\/svg\">\n                                          <path d=\"M12.2766 20.6899H28.1099\" stroke=\"#03045E\" stroke-width=\"1.5\"\/>\n                                          <path d=\"M23.1099 14.8564L28.9432 20.6898L23.1099 26.5231\" stroke=\"#03045E\" stroke-width=\"1.5\" stroke-linejoin=\"round\"\/>\n                                        <\/svg>\n                                    <\/span>\n                                <\/a>\n                            <\/div>\n                                            <\/div>\n                <\/div>\n            <\/div>\n                    <div class=\"pxl-grid-item col-xl-4 col-lg-6 col-md-6 col-sm-6 col-12 leistungen\">\n                <div class=\"pxl-item--inner pxl-not-active \" data-wow-duration=\"1.2s\">\n                                            <div class=\"pxl-service--featured \">\n                            <a class=\"pxl-img-link hover-imge-effect3\" href=\"https:\/\/ortho-achim.de\/?service=physikalische_thrapie\">\n                                <img loading=\"lazy\" decoding=\"async\" class=\"\" src=\"https:\/\/ortho-achim.de\/wp-content\/uploads\/2025\/08\/beitragsbild_physikalische_therapie_01-980x621.jpg\" width=\"980\" height=\"621\" alt=\"beitragsbild_physikalische_therapie_01\" title=\"beitragsbild_physikalische_therapie_01\" \/>                            <\/a>\n                        <\/div>\n                                        <div class=\"pxl-inner-content\">\n                        <div class=\"pxl-item--holder\">\n                            <h6 class=\"pxl-item--title title-hover-line\">\n                                <a href=\"https:\/\/ortho-achim.de\/?service=physikalische_thrapie\">Physikalische Therapie<\/a>\n                            <\/h6>\n                                                            <div class=\"pxl-item--content\">\n                                    Die physikalische Therapie umfasst verschiedene Behandlungsverfahren zur Linderung von Schmerzen und zur Verbesserung der Beweglichkeit.                                <\/div>\n                                                    <\/div>\n                                                    <div class=\"pxl-sevice--btn\">\n                                <a class=\"pxl-item-btn\" href=\"https:\/\/ortho-achim.de\/?service=physikalische_thrapie\">\n                                    <span class=\"pxl-btn-title pxl--btn-text\">Mehr erfahren<\/span>\n                                    <span class=\"pxl-icon-button\">\n                                        <svg width=\"41\" height=\"41\" viewBox=\"0 0 41 41\" fill=\"none\" xmlns=\"http:\/\/www.w3.org\/2000\/svg\">\n                                          <path d=\"M12.2766 20.6899H28.1099\" stroke=\"#03045E\" stroke-width=\"1.5\"\/>\n                                          <path d=\"M23.1099 14.8564L28.9432 20.6898L23.1099 26.5231\" stroke=\"#03045E\" stroke-width=\"1.5\" stroke-linejoin=\"round\"\/>\n                                        <\/svg>\n                                    <\/span>\n                                <\/a>\n                            <\/div>\n                                            <\/div>\n                <\/div>\n            <\/div>\n                    <div class=\"pxl-grid-item col-xl-4 col-lg-6 col-md-6 col-sm-6 col-12 leistungen\">\n                <div class=\"pxl-item--inner pxl-not-active \" data-wow-duration=\"1.2s\">\n                                            <div class=\"pxl-service--featured \">\n                            <a class=\"pxl-img-link hover-imge-effect3\" href=\"https:\/\/ortho-achim.de\/?service=schroepftherapie\">\n                                <img loading=\"lazy\" decoding=\"async\" class=\"\" src=\"https:\/\/ortho-achim.de\/wp-content\/uploads\/2025\/08\/beitragsbild_schroepftherapie_ortho_achim_01-980x621.jpg\" width=\"980\" height=\"621\" alt=\"beitragsbild_schroepftherapie_ortho_achim_01\" title=\"beitragsbild_schroepftherapie_ortho_achim_01\" \/>                            <\/a>\n                        <\/div>\n                                        <div class=\"pxl-inner-content\">\n                        <div class=\"pxl-item--holder\">\n                            <h6 class=\"pxl-item--title title-hover-line\">\n                                <a href=\"https:\/\/ortho-achim.de\/?service=schroepftherapie\">Schr\u00f6pftherapie (Cupping)<\/a>\n                            <\/h6>\n                                                            <div class=\"pxl-item--content\">\n                                    Die Schr\u00f6pftherapie ist ein traditionelles Behandlungsverfahren zur L\u00f6sung von Muskelverspannungen und zur F\u00f6rderung der Durchblutung.                                <\/div>\n                                                    <\/div>\n                                                    <div class=\"pxl-sevice--btn\">\n                                <a class=\"pxl-item-btn\" href=\"https:\/\/ortho-achim.de\/?service=schroepftherapie\">\n                                    <span class=\"pxl-btn-title pxl--btn-text\">Mehr erfahren<\/span>\n                                    <span class=\"pxl-icon-button\">\n                                        <svg width=\"41\" height=\"41\" viewBox=\"0 0 41 41\" fill=\"none\" xmlns=\"http:\/\/www.w3.org\/2000\/svg\">\n                                          <path d=\"M12.2766 20.6899H28.1099\" stroke=\"#03045E\" stroke-width=\"1.5\"\/>\n                                          <path d=\"M23.1099 14.8564L28.9432 20.6898L23.1099 26.5231\" stroke=\"#03045E\" stroke-width=\"1.5\" stroke-linejoin=\"round\"\/>\n                                        <\/svg>\n                                    <\/span>\n                                <\/a>\n                            <\/div>\n                                            <\/div>\n                <\/div>\n            <\/div>\n                <\/div>\n    <\/div>\n        <\/div>\t\t\t\t<\/div>\n\t\t\t\t<\/div>\n\t\t\t\t\t<\/div>\r\n\t\t\t\t<\/div>\r\n\t\t\t\t<\/div>\r\n\t\t\t\t\t<\/div>\r\n\t\t\t\t<\/div>\r\n\t\t\t\t<\/div>\r\n\t\t\t\t<\/div>\n\t\t","protected":false},"excerpt":{"rendered":"<p>Wir bieten Ihnen ein breites Spektrum an diagnostischen und therapeutischen M\u00f6glichkeiten: Digitales R\u00f6ntgen Mit der digitalen R\u00f6ntgendiagnostik k\u00f6nnen Knochen und Gelenke schnell und pr\u00e4zise untersucht werden. Mehr erfahren Akupunktur Die Akupunktur ist eine bew\u00e4hrte Behandlungsmethode zur Linderung von Schmerzen und funktionellen Beschwerden. Mehr erfahren Stosswellentherapie Die Sto\u00dfwellentherapie ist ein modernes Verfahren zur Behandlung von Sehnen- [&hellip;]<\/p>\n","protected":false},"author":1,"featured_media":0,"parent":0,"menu_order":0,"comment_status":"closed","ping_status":"closed","template":"","meta":{"footnotes":""},"class_list":["post-3847","page","type-page","status-publish","hentry"],"_links":{"self":[{"href":"https:\/\/ortho-achim.de\/index.php?rest_route=\/wp\/v2\/pages\/3847","targetHints":{"allow":["GET"]}}],"collection":[{"href":"https:\/\/ortho-achim.de\/index.php?rest_route=\/wp\/v2\/pages"}],"about":[{"href":"https:\/\/ortho-achim.de\/index.php?rest_route=\/wp\/v2\/types\/page"}],"author":[{"embeddable":true,"href":"https:\/\/ortho-achim.de\/index.php?rest_route=\/wp\/v2\/users\/1"}],"replies":[{"embeddable":true,"href":"https:\/\/ortho-achim.de\/index.php?rest_route=%2Fwp%2Fv2%2Fcomments&post=3847"}],"version-history":[{"count":11,"href":"https:\/\/ortho-achim.de\/index.php?rest_route=\/wp\/v2\/pages\/3847\/revisions"}],"predecessor-version":[{"id":6682,"href":"https:\/\/ortho-achim.de\/index.php?rest_route=\/wp\/v2\/pages\/3847\/revisions\/6682"}],"wp:attachment":[{"href":"https:\/\/ortho-achim.de\/index.php?rest_route=%2Fwp%2Fv2%2Fmedia&parent=3847"}],"curies":[{"name":"wp","href":"https:\/\/api.w.org\/{rel}","templated":true}]}}