{"id":3448,"date":"2025-09-09T01:32:16","date_gmt":"2025-09-09T01:32:16","guid":{"rendered":"https:\/\/maxcare.casethemes.net\/?page_id=3448"},"modified":"2026-04-01T14:28:16","modified_gmt":"2026-04-01T12:28:16","slug":"das_team","status":"publish","type":"page","link":"https:\/\/ortho-achim.de\/?page_id=3448","title":{"rendered":"Unser Team"},"content":{"rendered":"\t\t<div data-elementor-type=\"wp-page\" data-elementor-id=\"3448\" class=\"elementor elementor-3448\">\n\t\t\t\t<div class=\"elementor-element elementor-element-1c97d04 e-flex e-con-boxed pxl-column-none pxl-row-scroll-none pxl-zoom-point-false pxl-section-overflow-visible pxl-section-fix-none pxl-full-content-with-space-none pxl-bg-color-none pxl-section-overlay-none e-con e-parent \" data-id=\"1c97d04\" data-element_type=\"container\" data-e-type=\"container\">\t\t\t<div class=\"e-con-inner\">\r\n\t\t<div class=\"elementor-element elementor-element-5126f68 e-con-full e-flex pxl-column-none pxl-row-scroll-none pxl-zoom-point-false pxl-section-overflow-visible pxl-section-fix-none pxl-full-content-with-space-none pxl-bg-color-none pxl-section-overlay-none e-con e-child \" data-id=\"5126f68\" data-element_type=\"container\" data-e-type=\"container\">\t\t<div class=\"elementor-element elementor-element-5fa9f7d elementor-widget elementor-widget-pxl_heading\" data-id=\"5fa9f7d\" data-element_type=\"widget\" data-e-type=\"widget\" data-widget_type=\"pxl_heading.default\">\n\t\t\t\t<div class=\"elementor-widget-container\">\n\t\t\t\t\t\n<div id=\"pxl-pxl_heading-5fa9f7d-9764\" class=\"pxl-heading px-sub-title-icon-style \">\n\t<div class=\"pxl-heading--inner\">\n\t\t<div class=\"pxl-heading-content\">\n\t\t\t\n\t\t\t<h4 class=\"pxl-item--title clip style-default highlight-default pxl-split-text split-in-fade\" data-wow-delay=\"ms\">\n\t\t\t\t\n\t\t\t\t\n\t\t\t\t\t\t\t\t\tErfahrung, auf die Sie sich <br>verlassen k\u00f6nnen.\t\n\t\t\t\t\t\n\t\t\t<\/h4>\n\t\t<\/div>\n\t<\/div>\n<\/div>\t\t\t\t<\/div>\n\t\t\t\t<\/div>\n\t\t\t\t<div class=\"elementor-element elementor-element-201cf14 elementor-widget elementor-widget-pxl_team_grid\" data-id=\"201cf14\" data-element_type=\"widget\" data-e-type=\"widget\" data-widget_type=\"pxl_team_grid.default\">\n\t\t\t\t<div class=\"elementor-widget-container\">\n\t\t\t\t\t\n<div class=\"pxl-grid pxl-team-grid pxl-team-grid1 default\" data-layout=\"fitRows\">\n            <div class=\"pxl-grid-inner-team\">\n        <div class=\"pxl-grid-inner pxl-grid-masonry row\" data-gutter=\"15\">\n            <div class=\"grid-sizer col-xl-4 col-lg-6 col-md-6 col-sm-6 col-12\"><\/div>\n                            <div class=\"pxl-grid-item col-xl-4 col-lg-6 col-md-6 col-sm-6 col-12 \">\n                    <div class=\"pxl-item--inner \">\n                                                    <div class=\"pxl-item--image\">\n                                <a ><img fetchpriority=\"high\" decoding=\"async\" class=\"no-lazyload \" src=\"https:\/\/ortho-achim.de\/wp-content\/uploads\/2026\/04\/samir_drira_ortho_achim_neu-1000x1060.jpg\" width=\"1000\" height=\"1060\" alt=\"samir_drira_ortho_achim_neu\" title=\"samir_drira_ortho_achim_neu\" \/><\/a>\n                            <\/div>\n                                                <div class=\"pxl-item--holder\">\n                            <div class=\"pxl-item--meta\">\n                                <div class=\"pxl-item-hover\">\n                                    <a class=\"pxl-item--title\" >Docteur en Medecine Samir Drira<\/a>\n                                    <div class=\"pxl-item--position\">Facharzt f\u00fcr Orthop\u00e4die<\/div>\n                                                                            <div class=\"pxl-social--wrap\">\n                                                                                        <div class=\"pxl-social--icon\">\n                                                                                            <\/div>\n                                        <\/div>\n                                                                    <\/div>\n                            <\/div>\n                        <\/div>\n                    <\/div>\n                <\/div>\n                            <div class=\"pxl-grid-item col-xl-4 col-lg-6 col-md-6 col-sm-6 col-12 \">\n                    <div class=\"pxl-item--inner \">\n                                                    <div class=\"pxl-item--image\">\n                                <a ><img decoding=\"async\" class=\"no-lazyload \" src=\"https:\/\/ortho-achim.de\/wp-content\/uploads\/2026\/04\/hannelore_schorr_ortho_achim-1000x1060.jpg\" width=\"1000\" height=\"1060\" alt=\"hannelore_schorr_ortho_achim\" title=\"hannelore_schorr_ortho_achim\" \/><\/a>\n                            <\/div>\n                                                <div class=\"pxl-item--holder\">\n                            <div class=\"pxl-item--meta\">\n                                <div class=\"pxl-item-hover\">\n                                    <a class=\"pxl-item--title\" >Frau Hannelore Schorr<\/a>\n                                    <div class=\"pxl-item--position\">(MFA) Medizinische Fachangestellte<\/div>\n                                                                            <div class=\"pxl-social--wrap\">\n                                                                                        <div class=\"pxl-social--icon\">\n                                                                                            <\/div>\n                                        <\/div>\n                                                                    <\/div>\n                            <\/div>\n                        <\/div>\n                    <\/div>\n                <\/div>\n                            <div class=\"pxl-grid-item col-xl-4 col-lg-6 col-md-6 col-sm-6 col-12 \">\n                    <div class=\"pxl-item--inner \">\n                                                    <div class=\"pxl-item--image\">\n                                <a ><img decoding=\"async\" class=\"no-lazyload \" src=\"https:\/\/ortho-achim.de\/wp-content\/uploads\/2026\/04\/iris_zehreis_ortho_achim-1000x1060.jpg\" width=\"1000\" height=\"1060\" alt=\"iris_zehreis_ortho_achim\" title=\"iris_zehreis_ortho_achim\" \/><\/a>\n                            <\/div>\n                                                <div class=\"pxl-item--holder\">\n                            <div class=\"pxl-item--meta\">\n                                <div class=\"pxl-item-hover\">\n                                    <a class=\"pxl-item--title\" >Frau Iris Zehreis<\/a>\n                                    <div class=\"pxl-item--position\">(MFA) Medizinische Fachangestellte<\/div>\n                                                                            <div class=\"pxl-social--wrap\">\n                                                                                        <div class=\"pxl-social--icon\">\n                                                                                            <\/div>\n                                        <\/div>\n                                                                    <\/div>\n                            <\/div>\n                        <\/div>\n                    <\/div>\n                <\/div>\n                    <\/div>\n    <\/div>\n<\/div>\n\t\t\t\t<\/div>\n\t\t\t\t<\/div>\n\t\t\t\t<\/div>\r\n\t\t\t\t\t<\/div>\r\n\t\t\t\t<\/div>\r\n\t\t\t\t<\/div>\n\t\t","protected":false},"excerpt":{"rendered":"<p>Erfahrung, auf die Sie sich verlassen k\u00f6nnen. Docteur en Medecine Samir Drira Facharzt f\u00fcr Orthop\u00e4die Frau Hannelore Schorr (MFA) Medizinische Fachangestellte Frau Iris Zehreis (MFA) Medizinische Fachangestellte<\/p>\n","protected":false},"author":1,"featured_media":0,"parent":0,"menu_order":0,"comment_status":"closed","ping_status":"closed","template":"","meta":{"footnotes":""},"class_list":["post-3448","page","type-page","status-publish","hentry"],"_links":{"self":[{"href":"https:\/\/ortho-achim.de\/index.php?rest_route=\/wp\/v2\/pages\/3448","targetHints":{"allow":["GET"]}}],"collection":[{"href":"https:\/\/ortho-achim.de\/index.php?rest_route=\/wp\/v2\/pages"}],"about":[{"href":"https:\/\/ortho-achim.de\/index.php?rest_route=\/wp\/v2\/types\/page"}],"author":[{"embeddable":true,"href":"https:\/\/ortho-achim.de\/index.php?rest_route=\/wp\/v2\/users\/1"}],"replies":[{"embeddable":true,"href":"https:\/\/ortho-achim.de\/index.php?rest_route=%2Fwp%2Fv2%2Fcomments&post=3448"}],"version-history":[{"count":69,"href":"https:\/\/ortho-achim.de\/index.php?rest_route=\/wp\/v2\/pages\/3448\/revisions"}],"predecessor-version":[{"id":6672,"href":"https:\/\/ortho-achim.de\/index.php?rest_route=\/wp\/v2\/pages\/3448\/revisions\/6672"}],"wp:attachment":[{"href":"https:\/\/ortho-achim.de\/index.php?rest_route=%2Fwp%2Fv2%2Fmedia&parent=3448"}],"curies":[{"name":"wp","href":"https:\/\/api.w.org\/{rel}","templated":true}]}}